{"id":1237,"date":"2019-12-24T14:19:56","date_gmt":"2019-12-24T11:19:56","guid":{"rendered":"https:\/\/www.silmcenter.org\/%d9%85%d9%86-%d9%86%d8%ad%d9%86\/"},"modified":"2020-01-16T14:24:46","modified_gmt":"2020-01-16T11:24:46","slug":"biz-kimiz","status":"publish","type":"page","link":"https:\/\/silmcenter.org\/tr\/biz-kimiz\/","title":{"rendered":"Biz kimiz"},"content":{"rendered":"\n<h2 class=\"has-text-align-center wp-block-heading\">Merkez Hakk\u0131nda<\/h2>\n\n\n\n<p>S\u00fcleymaniye Merkezi \u0130slami ilimler alan\u0131nda uzman alimlerin yeti\u015ftirilmesini ama\u00e7layan bir merkezdir. Bu merkezde yeti\u015fen ara\u015ft\u0131rmac\u0131lar\u0131n g\u00fc\u00e7l\u00fc ve rabb\u00e2n\u00ee bir e\u011fitim alm\u0131\u015f, modern problemleri takip eden itidalli alimler olarak mezun olmalar\u0131 ama\u00e7lanmaktad\u0131r. Merkezimiz T\u00fcrkiye\u2019deki \u00fcniversitelerde e\u011fitim alan \u0130slami ilimler \u00f6\u011frencilerine lisans e\u011fitiminden doktoraya kadarki s\u00fcre\u00e7te ek ve tamamlay\u0131c\u0131 bir program sunmaktad\u0131r. E\u011fitimini ak\u015fam saatlerinde s\u00fcrd\u00fcren merkezimizde alan\u0131nda uzman se\u00e7kin alimler ders vermektedir. Bu program \u00fc\u00e7 ana alanda e\u011fitime devam etmektedir:<\/p>\n\n\n\n<p><\/p>\n\n\n\n<blockquote class=\"wp-block-quote is-layout-flow wp-block-quote-is-layout-flow\"><p>\u0130lm\u00ee alan<\/p><\/blockquote>\n\n\n\n<blockquote class=\"wp-block-quote is-layout-flow wp-block-quote-is-layout-flow\"><p>E\u011fitim alan\u0131<\/p><\/blockquote>\n\n\n\n<blockquote class=\"wp-block-quote is-layout-flow wp-block-quote-is-layout-flow\"><p>Ki\u015fisel geli\u015fim<\/p><\/blockquote>\n\n\n\n<div style=\"height:38px\" aria-hidden=\"true\" class=\"wp-block-spacer\"><\/div>\n\n\n\n<h2 class=\"has-text-align-center wp-block-heading\">Vizyon, Misyon, De\u011ferler<\/h2>\n\n\n\n[ctu_ultimate_oxi id=&#8221;3&#8243;]\n\n\n\n<div style=\"height:20px\" aria-hidden=\"true\" class=\"wp-block-spacer\"><\/div>\n\n\n\n<div style=\"height:27px\" aria-hidden=\"true\" class=\"wp-block-spacer\"><\/div>\n\n\n\n<h2 class=\"has-text-align-center wp-block-heading\">Merkezimizin \u00d6zellikleri:<\/h2>\n\n\n\n<div style=\"height:20px\" aria-hidden=\"true\" class=\"wp-block-spacer\"><\/div>\n\n\n\n<ul class=\"tekhost-col2 wp-block-list\"><li> Kabiliyetli \u00f6\u011frencilerle ilgilenmek<\/li><li>M\u00fcfredat ve e\u011fitimde kalite<\/li><li>Talim ve terbiyeyi, marifet ve ahlak\u0131 bir arada sunmak<\/li><li>Modern ile kadimi bir araya getirmek<\/li><li> Sunulan maddi ve ilm\u00ee te\u015fvikler (Ayl\u0131k burs, yut, ula\u015f\u0131m, diploma ve \u00f6d\u00fcller)  <\/li><\/ul>\n\n\n\n<ul class=\"tekhost-col2 wp-block-list\"><li> Alan\u0131nda uzman se\u00e7kin e\u011fitim kadrosu<\/li><li>Yurt i\u00e7inden ve d\u0131\u015f\u0131ndan b\u00fcy\u00fck alimlerin misafir edilmesi<\/li><li>\u015eer\u2019\u00ee ilimler i\u00e7in zaruri bilgi ve becerilerin derinlemesine \u00f6\u011fretilmesi<\/li><li>Lisans e\u011fitimiyle ba\u015flay\u0131p doktoraya uzanan uzun s\u00fcreli bir program olmas\u0131<\/li><li> \u0130cra ve uygulamada esnek anlay\u0131\u015f <\/li><\/ul>\n\n\n\n<div style=\"height:20px\" aria-hidden=\"true\" class=\"wp-block-spacer\"><\/div>\n\n\n\n<div style=\"height:42px\" aria-hidden=\"true\" class=\"wp-block-spacer\"><\/div>\n\n\n\n<h2 class=\"has-text-align-center wp-block-heading\">E\u011fitim Sistemi:<\/h2>\n\n\n\n<div style=\"height:20px\" aria-hidden=\"true\" class=\"wp-block-spacer\"><\/div>\n\n\n\n<p>Merkezimiz bir alimin ihtiya\u00e7 duydu\u011fu \u015fer\u2019\u00ee ilimleri, marifet ve becerileri \u00f6\u011frencilerine kazand\u0131rmak amac\u0131yla \u00e7al\u0131\u015fmalar\u0131n\u0131 s\u00fcrd\u00fcrmektedir. Merkezimizin e\u011fitim dili tamam\u0131yla Arap\u00e7ad\u0131r. <br><\/p>\n\n\n\n<p><br>  E\u011fitim program\u0131 \u00fc\u00e7 a\u015famadan olu\u015fmaktad\u0131r: <\/p>\n\n\n\n<ul class=\"wp-block-list\"><li>Bir senelik haz\u0131rl\u0131k a\u015famas\u0131<\/li><li>\u00dc\u00e7 senelik temel e\u011fitim<\/li><li>\u00dc\u00e7 senelik alan e\u011fitimi<\/li><\/ul>\n\n\n\n<p><\/p>\n\n\n\n<p>Program\u0131m\u0131z haftada \u00fc\u00e7 ak\u015fam ders ve bir tam etkinlik g\u00fcn\u00fcnden olu\u015fmaktad\u0131r.<\/p>\n\n\n\n<div style=\"height:33px\" aria-hidden=\"true\" class=\"wp-block-spacer\"><\/div>\n\n\n\n<h2 class=\"has-text-align-center wp-block-heading\">Ki\u015fisel Geli\u015fim Program\u0131<\/h2>\n\n\n\n<div style=\"height:20px\" aria-hidden=\"true\" class=\"wp-block-spacer\"><\/div>\n\n\n\n<p>\u015eer\u2019\u00ee ilimleri tahsil eden \u00f6\u011frenci \u015fahsiyetini tamamlayacak ve kendisini toplum ile etkile\u015fime ge\u00e7erek insanlara daha kolay ula\u015fmas\u0131n\u0131 sa\u011flayacak \u00e7e\u015fitli becerilere ihtiya\u00e7 duyar. Bu becerilerin bir k\u0131sm\u0131 \u015funlard\u0131r:<\/p>\n\n\n\n<ul class=\"tekhost-col3 wp-block-list\"><li>Fetva verme<\/li><li>Olaylar\u0131 anlama ve analiz etme<\/li><li>Edebi yaz\u0131m<\/li><li>Diyalog ve m\u00fcnazara<\/li><\/ul>\n\n\n\n<ul class=\"tekhost-col3 wp-block-list\"><li>Zaman y\u00f6netimi<\/li><li>Sistematik ve ele\u015ftirel d\u00fc\u015f\u00fcnme<\/li><li>Sosyal ileti\u015fim becerileri<\/li><li>Akademik ara\u015ft\u0131rma teknikleri<\/li><\/ul>\n\n\n\n<ul class=\"tekhost-col3 wp-block-list\"><li>Kriz y\u00f6netimi<\/li><li>Y\u00f6netim ve planlama<\/li><li>Ezber ve m\u00fczakere<\/li><li> Teknoloji ve otomatik sistemlerle muamele <\/li><\/ul>\n\n\n\n<p style=\"display: block;float: right;width: 100%;\"> Merkez bu becerileri uzman ki\u015filer taraf\u0131ndan d\u00fczenlenen kurslar \u015feklinde sunar.\n <\/p>\n","protected":false},"excerpt":{"rendered":"<p>Merkez Hakk\u0131nda S\u00fcleymaniye Merkezi \u0130slami ilimler alan\u0131nda uzman alimlerin yeti\u015ftirilmesini ama\u00e7layan bir merkezdir. Bu merkezde yeti\u015fen ara\u015ft\u0131rmac\u0131lar\u0131n g\u00fc\u00e7l\u00fc ve rabb\u00e2n\u00ee bir e\u011fitim alm\u0131\u015f, modern problemleri takip eden itidalli alimler olarak mezun olmalar\u0131 ama\u00e7lanmaktad\u0131r. Merkezimiz T\u00fcrkiye\u2019deki \u00fcniversitelerde e\u011fitim alan \u0130slami ilimler \u00f6\u011frencilerine lisans e\u011fitiminden doktoraya kadarki s\u00fcre\u00e7te ek ve tamamlay\u0131c\u0131 bir program sunmaktad\u0131r. E\u011fitimini ak\u015fam saatlerinde &hellip;<\/p>\n","protected":false},"author":1,"featured_media":0,"parent":0,"menu_order":0,"comment_status":"closed","ping_status":"closed","template":"","meta":{"footnotes":""},"class_list":["post-1237","page","type-page","status-publish","hentry"],"_links":{"self":[{"href":"https:\/\/silmcenter.org\/tr\/wp-json\/wp\/v2\/pages\/1237","targetHints":{"allow":["GET"]}}],"collection":[{"href":"https:\/\/silmcenter.org\/tr\/wp-json\/wp\/v2\/pages"}],"about":[{"href":"https:\/\/silmcenter.org\/tr\/wp-json\/wp\/v2\/types\/page"}],"author":[{"embeddable":true,"href":"https:\/\/silmcenter.org\/tr\/wp-json\/wp\/v2\/users\/1"}],"replies":[{"embeddable":true,"href":"https:\/\/silmcenter.org\/tr\/wp-json\/wp\/v2\/comments?post=1237"}],"version-history":[{"count":0,"href":"https:\/\/silmcenter.org\/tr\/wp-json\/wp\/v2\/pages\/1237\/revisions"}],"wp:attachment":[{"href":"https:\/\/silmcenter.org\/tr\/wp-json\/wp\/v2\/media?parent=1237"}],"curies":[{"name":"wp","href":"https:\/\/api.w.org\/{rel}","templated":true}]}}